{"id":214,"date":"2025-05-22T09:59:40","date_gmt":"2025-05-22T07:59:40","guid":{"rendered":"https:\/\/sapere.pl\/?page_id=214"},"modified":"2026-04-14T20:49:27","modified_gmt":"2026-04-14T18:49:27","slug":"odpowiedzialnosc-spoleczna","status":"publish","type":"page","link":"https:\/\/sapere.pl\/en\/odpowiedzialnosc-spoleczna\/","title":{"rendered":"Social responsibility"},"content":{"rendered":"<div data-elementor-type=\"wp-page\" data-elementor-id=\"214\" class=\"elementor elementor-214\" data-elementor-post-type=\"page\">\n\t\t\t\t<div class=\"elementor-element elementor-element-75aa74e e-flex e-con-boxed e-con e-parent\" data-id=\"75aa74e\" data-element_type=\"container\" data-settings=\"{&quot;background_background&quot;:&quot;gradient&quot;}\">\n\t\t\t\t\t<div class=\"e-con-inner\">\n\t\t<div class=\"elementor-element elementor-element-3bfb5c2 e-con-full e-flex e-con e-child\" data-id=\"3bfb5c2\" data-element_type=\"container\">\n\t\t\t\t<div class=\"elementor-element elementor-element-7606d27 elementor-widget__width-initial elementor-widget-tablet__width-initial elementor-widget elementor-widget-elementskit-heading\" data-id=\"7606d27\" data-element_type=\"widget\" data-widget_type=\"elementskit-heading.default\">\n\t\t\t\t<div class=\"elementor-widget-container\">\n\t\t\t\t\t<div class=\"ekit-wid-con\" ><div class=\"ekit-heading elementskit-section-title-wraper text_center   ekit_heading_tablet-   ekit_heading_mobile-\"><h2 class=\"ekit-heading--title elementskit-section-title\">Modern farming with care for the environment and the community<\/h2><\/div><\/div>\t\t\t\t<\/div>\n\t\t\t\t<\/div>\n\t\t\t\t<\/div>\n\t\t<div class=\"elementor-element elementor-element-7ba7be6 e-con-full e-flex e-con e-child\" data-id=\"7ba7be6\" data-element_type=\"container\">\n\t\t<div class=\"elementor-element elementor-element-687762c e-con-full e-flex e-con e-child\" data-id=\"687762c\" data-element_type=\"container\">\n\t\t<div class=\"elementor-element elementor-element-79d377e e-con-full e-flex e-con e-child\" data-id=\"79d377e\" data-element_type=\"container\">\n\t\t\t\t<div class=\"elementor-element elementor-element-bc93cda elementor-icon-list--layout-traditional elementor-list-item-link-full_width elementor-widget elementor-widget-icon-list\" data-id=\"bc93cda\" data-element_type=\"widget\" data-widget_type=\"icon-list.default\">\n\t\t\t\t<div class=\"elementor-widget-container\">\n\t\t\t\t\t\t\t<ul class=\"elementor-icon-list-items\">\n\t\t\t\t\t\t\t<li class=\"elementor-icon-list-item\">\n\t\t\t\t\t\t\t\t\t\t\t<span class=\"elementor-icon-list-icon\">\n\t\t\t\t\t\t\t<svg aria-hidden=\"true\" class=\"e-font-icon-svg e-fas-check-circle\" viewbox=\"0 0 512 512\" xmlns=\"http:\/\/www.w3.org\/2000\/svg\"><path d=\"M504 256c0 136.967-111.033 248-248 248S8 392.967 8 256 119.033 8 256 8s248 111.033 248 248zM227.314 387.314l184-184c6.248-6.248 6.248-16.379 0-22.627l-22.627-22.627c-6.248-6.249-16.379-6.249-22.628 0L216 308.118l-70.059-70.059c-6.248-6.248-16.379-6.248-22.628 0l-22.627 22.627c-6.248 6.248-6.248 16.379 0 22.627l104 104c6.249 6.249 16.379 6.249 22.628.001z\"><\/path><\/svg>\t\t\t\t\t\t<\/span>\n\t\t\t\t\t\t\t\t\t\t<span class=\"elementor-icon-list-text\">Our farms operate in accordance with the highest BAT standards.<\/span>\n\t\t\t\t\t\t\t\t\t<\/li>\n\t\t\t\t\t\t<\/ul>\n\t\t\t\t\t\t<\/div>\n\t\t\t\t<\/div>\n\t\t\t\t<div class=\"elementor-element elementor-element-4216930 elementor-icon-list--layout-traditional elementor-list-item-link-full_width elementor-widget elementor-widget-icon-list\" data-id=\"4216930\" data-element_type=\"widget\" data-widget_type=\"icon-list.default\">\n\t\t\t\t<div class=\"elementor-widget-container\">\n\t\t\t\t\t\t\t<ul class=\"elementor-icon-list-items\">\n\t\t\t\t\t\t\t<li class=\"elementor-icon-list-item\">\n\t\t\t\t\t\t\t\t\t\t\t<span class=\"elementor-icon-list-icon\">\n\t\t\t\t\t\t\t<svg aria-hidden=\"true\" class=\"e-font-icon-svg e-fas-check-circle\" viewbox=\"0 0 512 512\" xmlns=\"http:\/\/www.w3.org\/2000\/svg\"><path d=\"M504 256c0 136.967-111.033 248-248 248S8 392.967 8 256 119.033 8 256 8s248 111.033 248 248zM227.314 387.314l184-184c6.248-6.248 6.248-16.379 0-22.627l-22.627-22.627c-6.248-6.249-16.379-6.249-22.628 0L216 308.118l-70.059-70.059c-6.248-6.248-16.379-6.248-22.628 0l-22.627 22.627c-6.248 6.248-6.248 16.379 0 22.627l104 104c6.249 6.249 16.379 6.249 22.628.001z\"><\/path><\/svg>\t\t\t\t\t\t<\/span>\n\t\t\t\t\t\t\t\t\t\t<span class=\"elementor-icon-list-text\">We ensure the welfare of the raised chickens.<\/span>\n\t\t\t\t\t\t\t\t\t<\/li>\n\t\t\t\t\t\t<\/ul>\n\t\t\t\t\t\t<\/div>\n\t\t\t\t<\/div>\n\t\t\t\t<div class=\"elementor-element elementor-element-a38240b elementor-icon-list--layout-traditional elementor-list-item-link-full_width elementor-widget elementor-widget-icon-list\" data-id=\"a38240b\" data-element_type=\"widget\" data-widget_type=\"icon-list.default\">\n\t\t\t\t<div class=\"elementor-widget-container\">\n\t\t\t\t\t\t\t<ul class=\"elementor-icon-list-items\">\n\t\t\t\t\t\t\t<li class=\"elementor-icon-list-item\">\n\t\t\t\t\t\t\t\t\t\t\t<span class=\"elementor-icon-list-icon\">\n\t\t\t\t\t\t\t<svg aria-hidden=\"true\" class=\"e-font-icon-svg e-fas-check-circle\" viewbox=\"0 0 512 512\" xmlns=\"http:\/\/www.w3.org\/2000\/svg\"><path d=\"M504 256c0 136.967-111.033 248-248 248S8 392.967 8 256 119.033 8 256 8s248 111.033 248 248zM227.314 387.314l184-184c6.248-6.248 6.248-16.379 0-22.627l-22.627-22.627c-6.248-6.249-16.379-6.249-22.628 0L216 308.118l-70.059-70.059c-6.248-6.248-16.379-6.248-22.628 0l-22.627 22.627c-6.248 6.248-6.248 16.379 0 22.627l104 104c6.249 6.249 16.379 6.249 22.628.001z\"><\/path><\/svg>\t\t\t\t\t\t<\/span>\n\t\t\t\t\t\t\t\t\t\t<span class=\"elementor-icon-list-text\">We implement eco-friendly and energy-efficient technologies.<\/span>\n\t\t\t\t\t\t\t\t\t<\/li>\n\t\t\t\t\t\t<\/ul>\n\t\t\t\t\t\t<\/div>\n\t\t\t\t<\/div>\n\t\t\t\t<div class=\"elementor-element elementor-element-c284d44 elementor-icon-list--layout-traditional elementor-list-item-link-full_width elementor-widget elementor-widget-icon-list\" data-id=\"c284d44\" data-element_type=\"widget\" data-widget_type=\"icon-list.default\">\n\t\t\t\t<div class=\"elementor-widget-container\">\n\t\t\t\t\t\t\t<ul class=\"elementor-icon-list-items\">\n\t\t\t\t\t\t\t<li class=\"elementor-icon-list-item\">\n\t\t\t\t\t\t\t\t\t\t\t<span class=\"elementor-icon-list-icon\">\n\t\t\t\t\t\t\t<svg aria-hidden=\"true\" class=\"e-font-icon-svg e-fas-check-circle\" viewbox=\"0 0 512 512\" xmlns=\"http:\/\/www.w3.org\/2000\/svg\"><path d=\"M504 256c0 136.967-111.033 248-248 248S8 392.967 8 256 119.033 8 256 8s248 111.033 248 248zM227.314 387.314l184-184c6.248-6.248 6.248-16.379 0-22.627l-22.627-22.627c-6.248-6.249-16.379-6.249-22.628 0L216 308.118l-70.059-70.059c-6.248-6.248-16.379-6.248-22.628 0l-22.627 22.627c-6.248 6.248-6.248 16.379 0 22.627l104 104c6.249 6.249 16.379 6.249 22.628.001z\"><\/path><\/svg>\t\t\t\t\t\t<\/span>\n\t\t\t\t\t\t\t\t\t\t<span class=\"elementor-icon-list-text\">We are a stable and reliable employer.<\/span>\n\t\t\t\t\t\t\t\t\t<\/li>\n\t\t\t\t\t\t<\/ul>\n\t\t\t\t\t\t<\/div>\n\t\t\t\t<\/div>\n\t\t\t\t<div class=\"elementor-element elementor-element-d4b1bb6 elementor-icon-list--layout-traditional elementor-list-item-link-full_width elementor-widget elementor-widget-icon-list\" data-id=\"d4b1bb6\" data-element_type=\"widget\" data-widget_type=\"icon-list.default\">\n\t\t\t\t<div class=\"elementor-widget-container\">\n\t\t\t\t\t\t\t<ul class=\"elementor-icon-list-items\">\n\t\t\t\t\t\t\t<li class=\"elementor-icon-list-item\">\n\t\t\t\t\t\t\t\t\t\t\t<span class=\"elementor-icon-list-icon\">\n\t\t\t\t\t\t\t<svg aria-hidden=\"true\" class=\"e-font-icon-svg e-fas-check-circle\" viewbox=\"0 0 512 512\" xmlns=\"http:\/\/www.w3.org\/2000\/svg\"><path d=\"M504 256c0 136.967-111.033 248-248 248S8 392.967 8 256 119.033 8 256 8s248 111.033 248 248zM227.314 387.314l184-184c6.248-6.248 6.248-16.379 0-22.627l-22.627-22.627c-6.248-6.249-16.379-6.249-22.628 0L216 308.118l-70.059-70.059c-6.248-6.248-16.379-6.248-22.628 0l-22.627 22.627c-6.248 6.248-6.248 16.379 0 22.627l104 104c6.249 6.249 16.379 6.249 22.628.001z\"><\/path><\/svg>\t\t\t\t\t\t<\/span>\n\t\t\t\t\t\t\t\t\t\t<span class=\"elementor-icon-list-text\">We support local community organizations and local government units.<\/span>\n\t\t\t\t\t\t\t\t\t<\/li>\n\t\t\t\t\t\t<\/ul>\n\t\t\t\t\t\t<\/div>\n\t\t\t\t<\/div>\n\t\t\t\t<\/div>\n\t\t\t\t<\/div>\n\t\t<div class=\"elementor-element elementor-element-62c3269 e-con-full e-flex e-con e-child\" data-id=\"62c3269\" data-element_type=\"container\">\n\t\t\t\t<div class=\"elementor-element elementor-element-9830feb elementor-widget elementor-widget-image\" data-id=\"9830feb\" data-element_type=\"widget\" data-widget_type=\"image.default\">\n\t\t\t\t<div class=\"elementor-widget-container\">\n\t\t\t\t\t\t\t\t\t\t\t\t\t\t\t<img fetchpriority=\"high\" decoding=\"async\" width=\"2560\" height=\"1440\" src=\"https:\/\/sapere.pl\/wp-content\/uploads\/2025\/10\/AdobeStock_376345504-scaled.jpeg\" class=\"attachment-full size-full wp-image-1741\" alt=\"\" srcset=\"https:\/\/sapere.pl\/wp-content\/uploads\/2025\/10\/AdobeStock_376345504-scaled.jpeg 2560w, https:\/\/sapere.pl\/wp-content\/uploads\/2025\/10\/AdobeStock_376345504-300x169.jpeg 300w, https:\/\/sapere.pl\/wp-content\/uploads\/2025\/10\/AdobeStock_376345504-1024x576.jpeg 1024w, https:\/\/sapere.pl\/wp-content\/uploads\/2025\/10\/AdobeStock_376345504-768x432.jpeg 768w, https:\/\/sapere.pl\/wp-content\/uploads\/2025\/10\/AdobeStock_376345504-1536x864.jpeg 1536w, https:\/\/sapere.pl\/wp-content\/uploads\/2025\/10\/AdobeStock_376345504-2048x1152.jpeg 2048w\" sizes=\"(max-width: 2560px) 100vw, 2560px\" \/>\t\t\t\t\t\t\t\t\t\t\t\t\t\t\t<\/div>\n\t\t\t\t<\/div>\n\t\t\t\t<\/div>\n\t\t\t\t<\/div>\n\t\t\t\t\t<\/div>\n\t\t\t\t<\/div>\n\t\t\t\t<\/div>","protected":false},"excerpt":{"rendered":"<p>Nowoczesna hodowla z trosk\u0105 o \u015brodowisko i spo\u0142eczno\u015b\u0107 Nasze fermy dzia\u0142aj\u0105 zgodnie z najwy\u017cszymi standardami BAT. Dbamy o dobrostan hodowanych kurcz\u0105t. Wdra\u017camy ekologiczne i energooszcz\u0119dne technologie. Jeste\u015bmy stabilnym i rzetelnym pracodawc\u0105. Wspieramy lokalne organizacje spo\u0142eczne i jednostki samorz\u0105du terytorialnego.<\/p>","protected":false},"author":2,"featured_media":0,"parent":0,"menu_order":0,"comment_status":"closed","ping_status":"closed","template":"elementor_header_footer","meta":{"footnotes":""},"class_list":["post-214","page","type-page","status-publish","hentry"],"yoast_head":"<!-- This site is optimized with the Yoast SEO plugin v26.2 - https:\/\/yoast.com\/wordpress\/plugins\/seo\/ -->\n<title>Odpowiedzialno\u015b\u0107 spo\u0142eczna - SAPERE SP. Z O.O.<\/title>\n<meta name=\"robots\" content=\"index, follow, max-snippet:-1, max-image-preview:large, max-video-preview:-1\" \/>\n<link rel=\"canonical\" href=\"https:\/\/sapere.pl\/en\/odpowiedzialnosc-spoleczna\/\" \/>\n<meta property=\"og:locale\" content=\"en_GB\" \/>\n<meta property=\"og:type\" content=\"article\" \/>\n<meta property=\"og:title\" content=\"Odpowiedzialno\u015b\u0107 spo\u0142eczna - SAPERE SP. Z O.O.\" \/>\n<meta property=\"og:description\" content=\"Nowoczesna hodowla z trosk\u0105 o \u015brodowisko i spo\u0142eczno\u015b\u0107 Nasze fermy dzia\u0142aj\u0105 zgodnie z najwy\u017cszymi standardami BAT. Dbamy o dobrostan hodowanych kurcz\u0105t. Wdra\u017camy ekologiczne i energooszcz\u0119dne technologie. Jeste\u015bmy stabilnym i rzetelnym pracodawc\u0105. Wspieramy lokalne organizacje spo\u0142eczne i jednostki samorz\u0105du terytorialnego.\" \/>\n<meta property=\"og:url\" content=\"https:\/\/sapere.pl\/en\/odpowiedzialnosc-spoleczna\/\" \/>\n<meta property=\"og:site_name\" content=\"SAPERE SP. Z O.O.\" \/>\n<meta property=\"article:modified_time\" content=\"2026-04-14T18:49:27+00:00\" \/>\n<meta property=\"og:image\" content=\"https:\/\/sapere.pl\/wp-content\/uploads\/2025\/10\/AdobeStock_376345504-scaled.jpeg\" \/>\n\t<meta property=\"og:image:width\" content=\"2560\" \/>\n\t<meta property=\"og:image:height\" content=\"1440\" \/>\n\t<meta property=\"og:image:type\" content=\"image\/jpeg\" \/>\n<meta name=\"twitter:card\" content=\"summary_large_image\" \/>\n<meta name=\"twitter:label1\" content=\"Estimated reading time\" \/>\n\t<meta name=\"twitter:data1\" content=\"1 minute\" \/>\n<script type=\"application\/ld+json\" class=\"yoast-schema-graph\">{\"@context\":\"https:\/\/schema.org\",\"@graph\":[{\"@type\":\"WebPage\",\"@id\":\"https:\/\/sapere.pl\/odpowiedzialnosc-spoleczna\/\",\"url\":\"https:\/\/sapere.pl\/odpowiedzialnosc-spoleczna\/\",\"name\":\"Odpowiedzialno\u015b\u0107 spo\u0142eczna - SAPERE SP. Z O.O.\",\"isPartOf\":{\"@id\":\"https:\/\/sapere.pl\/#website\"},\"primaryImageOfPage\":{\"@id\":\"https:\/\/sapere.pl\/odpowiedzialnosc-spoleczna\/#primaryimage\"},\"image\":{\"@id\":\"https:\/\/sapere.pl\/odpowiedzialnosc-spoleczna\/#primaryimage\"},\"thumbnailUrl\":\"https:\/\/sapere.pl\/wp-content\/uploads\/2025\/10\/AdobeStock_376345504-scaled.jpeg\",\"datePublished\":\"2025-05-22T07:59:40+00:00\",\"dateModified\":\"2026-04-14T18:49:27+00:00\",\"breadcrumb\":{\"@id\":\"https:\/\/sapere.pl\/odpowiedzialnosc-spoleczna\/#breadcrumb\"},\"inLanguage\":\"en-GB\",\"potentialAction\":[{\"@type\":\"ReadAction\",\"target\":[\"https:\/\/sapere.pl\/odpowiedzialnosc-spoleczna\/\"]}]},{\"@type\":\"ImageObject\",\"inLanguage\":\"en-GB\",\"@id\":\"https:\/\/sapere.pl\/odpowiedzialnosc-spoleczna\/#primaryimage\",\"url\":\"https:\/\/sapere.pl\/wp-content\/uploads\/2025\/10\/AdobeStock_376345504-scaled.jpeg\",\"contentUrl\":\"https:\/\/sapere.pl\/wp-content\/uploads\/2025\/10\/AdobeStock_376345504-scaled.jpeg\"},{\"@type\":\"BreadcrumbList\",\"@id\":\"https:\/\/sapere.pl\/odpowiedzialnosc-spoleczna\/#breadcrumb\",\"itemListElement\":[{\"@type\":\"ListItem\",\"position\":1,\"name\":\"Strona g\u0142\u00f3wna\",\"item\":\"https:\/\/sapere.pl\/\"},{\"@type\":\"ListItem\",\"position\":2,\"name\":\"Odpowiedzialno\u015b\u0107 spo\u0142eczna\"}]},{\"@type\":\"WebSite\",\"@id\":\"https:\/\/sapere.pl\/#website\",\"url\":\"https:\/\/sapere.pl\/\",\"name\":\"SAPERE SP. Z O.O.\",\"description\":\"Fermy drobiu\",\"publisher\":{\"@id\":\"https:\/\/sapere.pl\/#organization\"},\"potentialAction\":[{\"@type\":\"SearchAction\",\"target\":{\"@type\":\"EntryPoint\",\"urlTemplate\":\"https:\/\/sapere.pl\/?s={search_term_string}\"},\"query-input\":{\"@type\":\"PropertyValueSpecification\",\"valueRequired\":true,\"valueName\":\"search_term_string\"}}],\"inLanguage\":\"en-GB\"},{\"@type\":\"Organization\",\"@id\":\"https:\/\/sapere.pl\/#organization\",\"name\":\"SAPERE SP. Z O.O.\",\"url\":\"https:\/\/sapere.pl\/\",\"logo\":{\"@type\":\"ImageObject\",\"inLanguage\":\"en-GB\",\"@id\":\"https:\/\/sapere.pl\/#\/schema\/logo\/image\/\",\"url\":\"https:\/\/sapere.pl\/wp-content\/uploads\/2025\/05\/Sapere-Logo2.jpeg\",\"contentUrl\":\"https:\/\/sapere.pl\/wp-content\/uploads\/2025\/05\/Sapere-Logo2.jpeg\",\"width\":2480,\"height\":1820,\"caption\":\"SAPERE SP. Z O.O.\"},\"image\":{\"@id\":\"https:\/\/sapere.pl\/#\/schema\/logo\/image\/\"}}]}<\/script>\n<!-- \/ Yoast SEO plugin. -->","yoast_head_json":{"title":"Odpowiedzialno\u015b\u0107 spo\u0142eczna - SAPERE SP. Z O.O.","robots":{"index":"index","follow":"follow","max-snippet":"max-snippet:-1","max-image-preview":"max-image-preview:large","max-video-preview":"max-video-preview:-1"},"canonical":"https:\/\/sapere.pl\/en\/odpowiedzialnosc-spoleczna\/","og_locale":"en_GB","og_type":"article","og_title":"Odpowiedzialno\u015b\u0107 spo\u0142eczna - SAPERE SP. Z O.O.","og_description":"Nowoczesna hodowla z trosk\u0105 o \u015brodowisko i spo\u0142eczno\u015b\u0107 Nasze fermy dzia\u0142aj\u0105 zgodnie z najwy\u017cszymi standardami BAT. Dbamy o dobrostan hodowanych kurcz\u0105t. Wdra\u017camy ekologiczne i energooszcz\u0119dne technologie. Jeste\u015bmy stabilnym i rzetelnym pracodawc\u0105. Wspieramy lokalne organizacje spo\u0142eczne i jednostki samorz\u0105du terytorialnego.","og_url":"https:\/\/sapere.pl\/en\/odpowiedzialnosc-spoleczna\/","og_site_name":"SAPERE SP. Z O.O.","article_modified_time":"2026-04-14T18:49:27+00:00","og_image":[{"width":2560,"height":1440,"url":"https:\/\/sapere.pl\/wp-content\/uploads\/2025\/10\/AdobeStock_376345504-scaled.jpeg","type":"image\/jpeg"}],"twitter_card":"summary_large_image","twitter_misc":{"Estimated reading time":"1 minute"},"schema":{"@context":"https:\/\/schema.org","@graph":[{"@type":"WebPage","@id":"https:\/\/sapere.pl\/odpowiedzialnosc-spoleczna\/","url":"https:\/\/sapere.pl\/odpowiedzialnosc-spoleczna\/","name":"Odpowiedzialno\u015b\u0107 spo\u0142eczna - SAPERE SP. Z O.O.","isPartOf":{"@id":"https:\/\/sapere.pl\/#website"},"primaryImageOfPage":{"@id":"https:\/\/sapere.pl\/odpowiedzialnosc-spoleczna\/#primaryimage"},"image":{"@id":"https:\/\/sapere.pl\/odpowiedzialnosc-spoleczna\/#primaryimage"},"thumbnailUrl":"https:\/\/sapere.pl\/wp-content\/uploads\/2025\/10\/AdobeStock_376345504-scaled.jpeg","datePublished":"2025-05-22T07:59:40+00:00","dateModified":"2026-04-14T18:49:27+00:00","breadcrumb":{"@id":"https:\/\/sapere.pl\/odpowiedzialnosc-spoleczna\/#breadcrumb"},"inLanguage":"en-GB","potentialAction":[{"@type":"ReadAction","target":["https:\/\/sapere.pl\/odpowiedzialnosc-spoleczna\/"]}]},{"@type":"ImageObject","inLanguage":"en-GB","@id":"https:\/\/sapere.pl\/odpowiedzialnosc-spoleczna\/#primaryimage","url":"https:\/\/sapere.pl\/wp-content\/uploads\/2025\/10\/AdobeStock_376345504-scaled.jpeg","contentUrl":"https:\/\/sapere.pl\/wp-content\/uploads\/2025\/10\/AdobeStock_376345504-scaled.jpeg"},{"@type":"BreadcrumbList","@id":"https:\/\/sapere.pl\/odpowiedzialnosc-spoleczna\/#breadcrumb","itemListElement":[{"@type":"ListItem","position":1,"name":"Strona g\u0142\u00f3wna","item":"https:\/\/sapere.pl\/"},{"@type":"ListItem","position":2,"name":"Odpowiedzialno\u015b\u0107 spo\u0142eczna"}]},{"@type":"WebSite","@id":"https:\/\/sapere.pl\/#website","url":"https:\/\/sapere.pl\/","name":"SAPERE SP. Z O.O.","description":"Fermy drobiu","publisher":{"@id":"https:\/\/sapere.pl\/#organization"},"potentialAction":[{"@type":"SearchAction","target":{"@type":"EntryPoint","urlTemplate":"https:\/\/sapere.pl\/?s={search_term_string}"},"query-input":{"@type":"PropertyValueSpecification","valueRequired":true,"valueName":"search_term_string"}}],"inLanguage":"en-GB"},{"@type":"Organization","@id":"https:\/\/sapere.pl\/#organization","name":"SAPERE SP. Z O.O.","url":"https:\/\/sapere.pl\/","logo":{"@type":"ImageObject","inLanguage":"en-GB","@id":"https:\/\/sapere.pl\/#\/schema\/logo\/image\/","url":"https:\/\/sapere.pl\/wp-content\/uploads\/2025\/05\/Sapere-Logo2.jpeg","contentUrl":"https:\/\/sapere.pl\/wp-content\/uploads\/2025\/05\/Sapere-Logo2.jpeg","width":2480,"height":1820,"caption":"SAPERE SP. Z O.O."},"image":{"@id":"https:\/\/sapere.pl\/#\/schema\/logo\/image\/"}}]}},"_links":{"self":[{"href":"https:\/\/sapere.pl\/en\/wp-json\/wp\/v2\/pages\/214","targetHints":{"allow":["GET"]}}],"collection":[{"href":"https:\/\/sapere.pl\/en\/wp-json\/wp\/v2\/pages"}],"about":[{"href":"https:\/\/sapere.pl\/en\/wp-json\/wp\/v2\/types\/page"}],"author":[{"embeddable":true,"href":"https:\/\/sapere.pl\/en\/wp-json\/wp\/v2\/users\/2"}],"replies":[{"embeddable":true,"href":"https:\/\/sapere.pl\/en\/wp-json\/wp\/v2\/comments?post=214"}],"version-history":[{"count":169,"href":"https:\/\/sapere.pl\/en\/wp-json\/wp\/v2\/pages\/214\/revisions"}],"predecessor-version":[{"id":2467,"href":"https:\/\/sapere.pl\/en\/wp-json\/wp\/v2\/pages\/214\/revisions\/2467"}],"wp:attachment":[{"href":"https:\/\/sapere.pl\/en\/wp-json\/wp\/v2\/media?parent=214"}],"curies":[{"name":"wp","href":"https:\/\/api.w.org\/{rel}","templated":true}]}}