{"id":222,"date":"2025-05-22T10:00:30","date_gmt":"2025-05-22T08:00:30","guid":{"rendered":"https:\/\/sapere.pl\/?page_id=222"},"modified":"2026-04-14T21:23:22","modified_gmt":"2026-04-14T19:23:22","slug":"galeria","status":"publish","type":"page","link":"https:\/\/sapere.pl\/en\/galeria\/","title":{"rendered":"Gallery"},"content":{"rendered":"<div data-elementor-type=\"wp-page\" data-elementor-id=\"222\" class=\"elementor elementor-222\" data-elementor-post-type=\"page\">\n\t\t\t\t<div class=\"elementor-element elementor-element-bfefee4 e-flex e-con-boxed e-con e-parent\" data-id=\"bfefee4\" data-element_type=\"container\" data-settings=\"{&quot;background_background&quot;:&quot;gradient&quot;}\">\n\t\t\t\t\t<div class=\"e-con-inner\">\n\t\t<div class=\"elementor-element elementor-element-8b4dfd0 e-con-full e-flex e-con e-child\" data-id=\"8b4dfd0\" data-element_type=\"container\">\n\t\t\t\t<div class=\"elementor-element elementor-element-9f5e675 elementor-widget__width-initial elementor-widget-tablet__width-initial elementor-widget elementor-widget-elementskit-heading\" data-id=\"9f5e675\" data-element_type=\"widget\" data-widget_type=\"elementskit-heading.default\">\n\t\t\t\t<div class=\"elementor-widget-container\">\n\t\t\t\t\t<div class=\"ekit-wid-con\" ><div class=\"ekit-heading elementskit-section-title-wraper text_center   ekit_heading_tablet-   ekit_heading_mobile-\"><h2 class=\"ekit-heading--title elementskit-section-title\">Gallery<\/h2><\/div><\/div>\t\t\t\t<\/div>\n\t\t\t\t<\/div>\n\t\t<div class=\"elementor-element elementor-element-06821e5 e-con-full e-flex e-con e-child\" data-id=\"06821e5\" data-element_type=\"container\">\n\t\t\t\t<div class=\"elementor-element elementor-element-b8d8032 elementor-widget elementor-widget-gallery\" data-id=\"b8d8032\" data-element_type=\"widget\" data-settings=\"{&quot;gap&quot;:{&quot;unit&quot;:&quot;px&quot;,&quot;size&quot;:15,&quot;sizes&quot;:[]},&quot;columns&quot;:3,&quot;lazyload&quot;:&quot;yes&quot;,&quot;gallery_layout&quot;:&quot;grid&quot;,&quot;columns_tablet&quot;:2,&quot;columns_mobile&quot;:1,&quot;gap_tablet&quot;:{&quot;unit&quot;:&quot;px&quot;,&quot;size&quot;:10,&quot;sizes&quot;:[]},&quot;gap_mobile&quot;:{&quot;unit&quot;:&quot;px&quot;,&quot;size&quot;:10,&quot;sizes&quot;:[]},&quot;link_to&quot;:&quot;file&quot;,&quot;aspect_ratio&quot;:&quot;3:2&quot;,&quot;overlay_background&quot;:&quot;yes&quot;,&quot;content_hover_animation&quot;:&quot;fade-in&quot;}\" data-widget_type=\"gallery.default\">\n\t\t\t\t<div class=\"elementor-widget-container\">\n\t\t\t\t\t\t\t<div class=\"elementor-gallery__container\">\n\t\t\t\t\t\t\t<a class=\"e-gallery-item elementor-gallery-item elementor-animated-content\" href=\"https:\/\/sapere.pl\/wp-content\/uploads\/2025\/10\/Sapere-3-scaled.jpg\" data-elementor-open-lightbox=\"yes\" data-elementor-lightbox-slideshow=\"b8d8032\" data-e-action-hash=\"#elementor-action%3Aaction%3Dlightbox%26settings%3DeyJpZCI6MTYzOCwidXJsIjoiaHR0cHM6XC9cL3NhcGVyZS5wbFwvd3AtY29udGVudFwvdXBsb2Fkc1wvMjAyNVwvMTBcL1NhcGVyZS0zLXNjYWxlZC5qcGciLCJzbGlkZXNob3ciOiJiOGQ4MDMyIn0%3D\">\n\t\t\t\t\t<div class=\"e-gallery-image elementor-gallery-item__image\" data-thumbnail=\"https:\/\/sapere.pl\/wp-content\/uploads\/2025\/10\/Sapere-3-300x200.jpg\" data-width=\"300\" data-height=\"200\" aria-label=\"\" role=\"img\" ><\/div>\n\t\t\t\t\t\t\t\t\t\t\t<div class=\"elementor-gallery-item__overlay\"><\/div>\n\t\t\t\t\t\t\t\t\t\t\t\t\t\t<\/a>\n\t\t\t\t\t\t\t<a class=\"e-gallery-item elementor-gallery-item elementor-animated-content\" href=\"https:\/\/sapere.pl\/wp-content\/uploads\/2025\/10\/Sapere-11-scaled.jpg\" data-elementor-open-lightbox=\"yes\" data-elementor-lightbox-slideshow=\"b8d8032\" data-e-action-hash=\"#elementor-action%3Aaction%3Dlightbox%26settings%3DeyJpZCI6MTY0MCwidXJsIjoiaHR0cHM6XC9cL3NhcGVyZS5wbFwvd3AtY29udGVudFwvdXBsb2Fkc1wvMjAyNVwvMTBcL1NhcGVyZS0xMS1zY2FsZWQuanBnIiwic2xpZGVzaG93IjoiYjhkODAzMiJ9\">\n\t\t\t\t\t<div class=\"e-gallery-image elementor-gallery-item__image\" data-thumbnail=\"https:\/\/sapere.pl\/wp-content\/uploads\/2025\/10\/Sapere-11-300x200.jpg\" data-width=\"300\" data-height=\"200\" aria-label=\"\" role=\"img\" ><\/div>\n\t\t\t\t\t\t\t\t\t\t\t<div class=\"elementor-gallery-item__overlay\"><\/div>\n\t\t\t\t\t\t\t\t\t\t\t\t\t\t<\/a>\n\t\t\t\t\t\t\t<a class=\"e-gallery-item elementor-gallery-item elementor-animated-content\" href=\"https:\/\/sapere.pl\/wp-content\/uploads\/2025\/10\/Sapere-5-scaled.jpg\" data-elementor-open-lightbox=\"yes\" data-elementor-lightbox-slideshow=\"b8d8032\" data-e-action-hash=\"#elementor-action%3Aaction%3Dlightbox%26settings%3DeyJpZCI6MTYzOSwidXJsIjoiaHR0cHM6XC9cL3NhcGVyZS5wbFwvd3AtY29udGVudFwvdXBsb2Fkc1wvMjAyNVwvMTBcL1NhcGVyZS01LXNjYWxlZC5qcGciLCJzbGlkZXNob3ciOiJiOGQ4MDMyIn0%3D\">\n\t\t\t\t\t<div class=\"e-gallery-image elementor-gallery-item__image\" data-thumbnail=\"https:\/\/sapere.pl\/wp-content\/uploads\/2025\/10\/Sapere-5-300x200.jpg\" data-width=\"300\" data-height=\"200\" aria-label=\"\" role=\"img\" ><\/div>\n\t\t\t\t\t\t\t\t\t\t\t<div class=\"elementor-gallery-item__overlay\"><\/div>\n\t\t\t\t\t\t\t\t\t\t\t\t\t\t<\/a>\n\t\t\t\t\t\t\t<a class=\"e-gallery-item elementor-gallery-item elementor-animated-content\" href=\"https:\/\/sapere.pl\/wp-content\/uploads\/2025\/10\/Sapere-16-scaled.jpg\" data-elementor-open-lightbox=\"yes\" data-elementor-lightbox-slideshow=\"b8d8032\" data-e-action-hash=\"#elementor-action%3Aaction%3Dlightbox%26settings%3DeyJpZCI6MTY0MSwidXJsIjoiaHR0cHM6XC9cL3NhcGVyZS5wbFwvd3AtY29udGVudFwvdXBsb2Fkc1wvMjAyNVwvMTBcL1NhcGVyZS0xNi1zY2FsZWQuanBnIiwic2xpZGVzaG93IjoiYjhkODAzMiJ9\">\n\t\t\t\t\t<div class=\"e-gallery-image elementor-gallery-item__image\" data-thumbnail=\"https:\/\/sapere.pl\/wp-content\/uploads\/2025\/10\/Sapere-16-300x200.jpg\" data-width=\"300\" data-height=\"200\" aria-label=\"\" role=\"img\" ><\/div>\n\t\t\t\t\t\t\t\t\t\t\t<div class=\"elementor-gallery-item__overlay\"><\/div>\n\t\t\t\t\t\t\t\t\t\t\t\t\t\t<\/a>\n\t\t\t\t\t\t\t<a class=\"e-gallery-item elementor-gallery-item elementor-animated-content\" href=\"https:\/\/sapere.pl\/wp-content\/uploads\/2026\/04\/20251020-DJI_0892-scaled.jpg\" data-elementor-open-lightbox=\"yes\" data-elementor-lightbox-slideshow=\"b8d8032\" data-elementor-lightbox-title=\"20251020-DJI_0892\" data-e-action-hash=\"#elementor-action%3Aaction%3Dlightbox%26settings%3DeyJpZCI6MjQ3NywidXJsIjoiaHR0cHM6XC9cL3NhcGVyZS5wbFwvd3AtY29udGVudFwvdXBsb2Fkc1wvMjAyNlwvMDRcLzIwMjUxMDIwLURKSV8wODkyLXNjYWxlZC5qcGciLCJzbGlkZXNob3ciOiJiOGQ4MDMyIn0%3D\">\n\t\t\t\t\t<div class=\"e-gallery-image elementor-gallery-item__image\" data-thumbnail=\"https:\/\/sapere.pl\/wp-content\/uploads\/2026\/04\/20251020-DJI_0892-300x169.jpg\" data-width=\"300\" data-height=\"169\" aria-label=\"\" role=\"img\" ><\/div>\n\t\t\t\t\t\t\t\t\t\t\t<div class=\"elementor-gallery-item__overlay\"><\/div>\n\t\t\t\t\t\t\t\t\t\t\t\t\t\t<\/a>\n\t\t\t\t\t\t\t<a class=\"e-gallery-item elementor-gallery-item elementor-animated-content\" href=\"https:\/\/sapere.pl\/wp-content\/uploads\/2026\/04\/20251020-DJI_0940-scaled.jpg\" data-elementor-open-lightbox=\"yes\" data-elementor-lightbox-slideshow=\"b8d8032\" data-elementor-lightbox-title=\"20251020-DJI_0940\" data-e-action-hash=\"#elementor-action%3Aaction%3Dlightbox%26settings%3DeyJpZCI6MjQ3OCwidXJsIjoiaHR0cHM6XC9cL3NhcGVyZS5wbFwvd3AtY29udGVudFwvdXBsb2Fkc1wvMjAyNlwvMDRcLzIwMjUxMDIwLURKSV8wOTQwLXNjYWxlZC5qcGciLCJzbGlkZXNob3ciOiJiOGQ4MDMyIn0%3D\">\n\t\t\t\t\t<div class=\"e-gallery-image elementor-gallery-item__image\" data-thumbnail=\"https:\/\/sapere.pl\/wp-content\/uploads\/2026\/04\/20251020-DJI_0940-300x169.jpg\" data-width=\"300\" data-height=\"169\" aria-label=\"\" role=\"img\" ><\/div>\n\t\t\t\t\t\t\t\t\t\t\t<div class=\"elementor-gallery-item__overlay\"><\/div>\n\t\t\t\t\t\t\t\t\t\t\t\t\t\t<\/a>\n\t\t\t\t\t\t\t<a class=\"e-gallery-item elementor-gallery-item elementor-animated-content\" href=\"https:\/\/sapere.pl\/wp-content\/uploads\/2026\/04\/Sapere-5-1-scaled.jpg\" data-elementor-open-lightbox=\"yes\" data-elementor-lightbox-slideshow=\"b8d8032\" data-elementor-lightbox-title=\"Sapere (5) (1)\" data-e-action-hash=\"#elementor-action%3Aaction%3Dlightbox%26settings%3DeyJpZCI6MjQ3OSwidXJsIjoiaHR0cHM6XC9cL3NhcGVyZS5wbFwvd3AtY29udGVudFwvdXBsb2Fkc1wvMjAyNlwvMDRcL1NhcGVyZS01LTEtc2NhbGVkLmpwZyIsInNsaWRlc2hvdyI6ImI4ZDgwMzIifQ%3D%3D\">\n\t\t\t\t\t<div class=\"e-gallery-image elementor-gallery-item__image\" data-thumbnail=\"https:\/\/sapere.pl\/wp-content\/uploads\/2026\/04\/Sapere-5-1-300x200.jpg\" data-width=\"300\" data-height=\"200\" aria-label=\"\" role=\"img\" ><\/div>\n\t\t\t\t\t\t\t\t\t\t\t<div class=\"elementor-gallery-item__overlay\"><\/div>\n\t\t\t\t\t\t\t\t\t\t\t\t\t\t<\/a>\n\t\t\t\t\t\t\t<a class=\"e-gallery-item elementor-gallery-item elementor-animated-content\" href=\"https:\/\/sapere.pl\/wp-content\/uploads\/2025\/06\/Radzanow.png\" data-elementor-open-lightbox=\"yes\" data-elementor-lightbox-slideshow=\"b8d8032\" data-e-action-hash=\"#elementor-action%3Aaction%3Dlightbox%26settings%3DeyJpZCI6MTIzOSwidXJsIjoiaHR0cHM6XC9cL3NhcGVyZS5wbFwvd3AtY29udGVudFwvdXBsb2Fkc1wvMjAyNVwvMDZcL1JhZHphbm93LnBuZyIsInNsaWRlc2hvdyI6ImI4ZDgwMzIifQ%3D%3D\">\n\t\t\t\t\t<div class=\"e-gallery-image elementor-gallery-item__image\" data-thumbnail=\"https:\/\/sapere.pl\/wp-content\/uploads\/2025\/06\/Radzanow-300x227.png\" data-width=\"300\" data-height=\"227\" aria-label=\"\" role=\"img\" ><\/div>\n\t\t\t\t\t\t\t\t\t\t\t<div class=\"elementor-gallery-item__overlay\"><\/div>\n\t\t\t\t\t\t\t\t\t\t\t\t\t\t<\/a>\n\t\t\t\t\t\t\t<a class=\"e-gallery-item elementor-gallery-item elementor-animated-content\" href=\"https:\/\/sapere.pl\/wp-content\/uploads\/2025\/05\/DSC06185-3-scaled.jpg\" data-elementor-open-lightbox=\"yes\" data-elementor-lightbox-slideshow=\"b8d8032\" data-elementor-lightbox-title=\"DSC06185\" data-e-action-hash=\"#elementor-action%3Aaction%3Dlightbox%26settings%3DeyJpZCI6NDU5LCJ1cmwiOiJodHRwczpcL1wvc2FwZXJlLnBsXC93cC1jb250ZW50XC91cGxvYWRzXC8yMDI1XC8wNVwvRFNDMDYxODUtMy1zY2FsZWQuanBnIiwic2xpZGVzaG93IjoiYjhkODAzMiJ9\">\n\t\t\t\t\t<div class=\"e-gallery-image elementor-gallery-item__image\" data-thumbnail=\"https:\/\/sapere.pl\/wp-content\/uploads\/2025\/05\/DSC06185-3-300x200.jpg\" data-width=\"300\" data-height=\"200\" aria-label=\"\" role=\"img\" ><\/div>\n\t\t\t\t\t\t\t\t\t\t\t<div class=\"elementor-gallery-item__overlay\"><\/div>\n\t\t\t\t\t\t\t\t\t\t\t\t\t\t<\/a>\n\t\t\t\t\t<\/div>\n\t\t\t\t\t<\/div>\n\t\t\t\t<\/div>\n\t\t\t\t<\/div>\n\t\t\t\t<\/div>\n\t\t\t\t\t<\/div>\n\t\t\t\t<\/div>\n\t\t<div class=\"elementor-element elementor-element-909c3fb e-flex e-con-boxed e-con e-parent\" data-id=\"909c3fb\" data-element_type=\"container\">\n\t\t\t\t\t<div class=\"e-con-inner\">\n\t\t\t\t<div class=\"elementor-element elementor-element-cf41e1a elementor-align-left elementor-icon-list--layout-traditional elementor-list-item-link-full_width elementor-widget elementor-widget-icon-list\" data-id=\"cf41e1a\" data-element_type=\"widget\" data-widget_type=\"icon-list.default\">\n\t\t\t\t<div class=\"elementor-widget-container\">\n\t\t\t\t\t\t\t<ul class=\"elementor-icon-list-items\">\n\t\t\t\t\t\t\t<li class=\"elementor-icon-list-item\">\n\t\t\t\t\t\t\t\t\t\t<span class=\"elementor-icon-list-text\">Legal notice: the photographs posted above are the property of SAPERE Sp. z o.o. Their copying and use is permitted only with the express consent of the company.<\/span>\n\t\t\t\t\t\t\t\t\t<\/li>\n\t\t\t\t\t\t<\/ul>\n\t\t\t\t\t\t<\/div>\n\t\t\t\t<\/div>\n\t\t\t\t\t<\/div>\n\t\t\t\t<\/div>\n\t\t\t\t<\/div>","protected":false},"excerpt":{"rendered":"<p>Galeria Nota prawna: zamieszczone powy\u017cej zdj\u0119cia stanowi\u0105 w\u0142asno\u015b\u0107 SAPERE Sp. z o.o. Ich kopiowanie i wykorzystywanie jest mo\u017cliwe wy\u0142\u0105cznie za wyra\u017an\u0105 zgod\u0105 sp\u00f3\u0142ki.<\/p>","protected":false},"author":2,"featured_media":0,"parent":0,"menu_order":0,"comment_status":"closed","ping_status":"closed","template":"elementor_header_footer","meta":{"footnotes":""},"class_list":["post-222","page","type-page","status-publish","hentry"],"yoast_head":"<!-- This site is optimized with the Yoast SEO plugin v26.2 - https:\/\/yoast.com\/wordpress\/plugins\/seo\/ -->\n<title>Galeria - SAPERE SP. Z O.O.<\/title>\n<meta name=\"robots\" content=\"index, follow, max-snippet:-1, max-image-preview:large, max-video-preview:-1\" \/>\n<link rel=\"canonical\" href=\"https:\/\/sapere.pl\/en\/galeria\/\" \/>\n<meta property=\"og:locale\" content=\"en_GB\" \/>\n<meta property=\"og:type\" content=\"article\" \/>\n<meta property=\"og:title\" content=\"Galeria - SAPERE SP. Z O.O.\" \/>\n<meta property=\"og:description\" content=\"Galeria Nota prawna: zamieszczone powy\u017cej zdj\u0119cia stanowi\u0105 w\u0142asno\u015b\u0107 SAPERE Sp. z o.o. Ich kopiowanie i wykorzystywanie jest mo\u017cliwe wy\u0142\u0105cznie za wyra\u017an\u0105 zgod\u0105 sp\u00f3\u0142ki.\" \/>\n<meta property=\"og:url\" content=\"https:\/\/sapere.pl\/en\/galeria\/\" \/>\n<meta property=\"og:site_name\" content=\"SAPERE SP. Z O.O.\" \/>\n<meta property=\"article:modified_time\" content=\"2026-04-14T19:23:22+00:00\" \/>\n<meta name=\"twitter:card\" content=\"summary_large_image\" \/>\n<meta name=\"twitter:label1\" content=\"Estimated reading time\" \/>\n\t<meta name=\"twitter:data1\" content=\"1 minute\" \/>\n<script type=\"application\/ld+json\" class=\"yoast-schema-graph\">{\"@context\":\"https:\/\/schema.org\",\"@graph\":[{\"@type\":\"WebPage\",\"@id\":\"https:\/\/sapere.pl\/galeria\/\",\"url\":\"https:\/\/sapere.pl\/galeria\/\",\"name\":\"Galeria - SAPERE SP. Z O.O.\",\"isPartOf\":{\"@id\":\"https:\/\/sapere.pl\/#website\"},\"datePublished\":\"2025-05-22T08:00:30+00:00\",\"dateModified\":\"2026-04-14T19:23:22+00:00\",\"breadcrumb\":{\"@id\":\"https:\/\/sapere.pl\/galeria\/#breadcrumb\"},\"inLanguage\":\"en-GB\",\"potentialAction\":[{\"@type\":\"ReadAction\",\"target\":[\"https:\/\/sapere.pl\/galeria\/\"]}]},{\"@type\":\"BreadcrumbList\",\"@id\":\"https:\/\/sapere.pl\/galeria\/#breadcrumb\",\"itemListElement\":[{\"@type\":\"ListItem\",\"position\":1,\"name\":\"Strona g\u0142\u00f3wna\",\"item\":\"https:\/\/sapere.pl\/\"},{\"@type\":\"ListItem\",\"position\":2,\"name\":\"Galeria\"}]},{\"@type\":\"WebSite\",\"@id\":\"https:\/\/sapere.pl\/#website\",\"url\":\"https:\/\/sapere.pl\/\",\"name\":\"SAPERE SP. Z O.O.\",\"description\":\"Fermy drobiu\",\"publisher\":{\"@id\":\"https:\/\/sapere.pl\/#organization\"},\"potentialAction\":[{\"@type\":\"SearchAction\",\"target\":{\"@type\":\"EntryPoint\",\"urlTemplate\":\"https:\/\/sapere.pl\/?s={search_term_string}\"},\"query-input\":{\"@type\":\"PropertyValueSpecification\",\"valueRequired\":true,\"valueName\":\"search_term_string\"}}],\"inLanguage\":\"en-GB\"},{\"@type\":\"Organization\",\"@id\":\"https:\/\/sapere.pl\/#organization\",\"name\":\"SAPERE SP. Z O.O.\",\"url\":\"https:\/\/sapere.pl\/\",\"logo\":{\"@type\":\"ImageObject\",\"inLanguage\":\"en-GB\",\"@id\":\"https:\/\/sapere.pl\/#\/schema\/logo\/image\/\",\"url\":\"https:\/\/sapere.pl\/wp-content\/uploads\/2025\/05\/Sapere-Logo2.jpeg\",\"contentUrl\":\"https:\/\/sapere.pl\/wp-content\/uploads\/2025\/05\/Sapere-Logo2.jpeg\",\"width\":2480,\"height\":1820,\"caption\":\"SAPERE SP. Z O.O.\"},\"image\":{\"@id\":\"https:\/\/sapere.pl\/#\/schema\/logo\/image\/\"}}]}<\/script>\n<!-- \/ Yoast SEO plugin. -->","yoast_head_json":{"title":"Galeria - SAPERE SP. Z O.O.","robots":{"index":"index","follow":"follow","max-snippet":"max-snippet:-1","max-image-preview":"max-image-preview:large","max-video-preview":"max-video-preview:-1"},"canonical":"https:\/\/sapere.pl\/en\/galeria\/","og_locale":"en_GB","og_type":"article","og_title":"Galeria - SAPERE SP. Z O.O.","og_description":"Galeria Nota prawna: zamieszczone powy\u017cej zdj\u0119cia stanowi\u0105 w\u0142asno\u015b\u0107 SAPERE Sp. z o.o. Ich kopiowanie i wykorzystywanie jest mo\u017cliwe wy\u0142\u0105cznie za wyra\u017an\u0105 zgod\u0105 sp\u00f3\u0142ki.","og_url":"https:\/\/sapere.pl\/en\/galeria\/","og_site_name":"SAPERE SP. Z O.O.","article_modified_time":"2026-04-14T19:23:22+00:00","twitter_card":"summary_large_image","twitter_misc":{"Estimated reading time":"1 minute"},"schema":{"@context":"https:\/\/schema.org","@graph":[{"@type":"WebPage","@id":"https:\/\/sapere.pl\/galeria\/","url":"https:\/\/sapere.pl\/galeria\/","name":"Galeria - SAPERE SP. Z O.O.","isPartOf":{"@id":"https:\/\/sapere.pl\/#website"},"datePublished":"2025-05-22T08:00:30+00:00","dateModified":"2026-04-14T19:23:22+00:00","breadcrumb":{"@id":"https:\/\/sapere.pl\/galeria\/#breadcrumb"},"inLanguage":"en-GB","potentialAction":[{"@type":"ReadAction","target":["https:\/\/sapere.pl\/galeria\/"]}]},{"@type":"BreadcrumbList","@id":"https:\/\/sapere.pl\/galeria\/#breadcrumb","itemListElement":[{"@type":"ListItem","position":1,"name":"Strona g\u0142\u00f3wna","item":"https:\/\/sapere.pl\/"},{"@type":"ListItem","position":2,"name":"Galeria"}]},{"@type":"WebSite","@id":"https:\/\/sapere.pl\/#website","url":"https:\/\/sapere.pl\/","name":"SAPERE SP. Z O.O.","description":"Fermy drobiu","publisher":{"@id":"https:\/\/sapere.pl\/#organization"},"potentialAction":[{"@type":"SearchAction","target":{"@type":"EntryPoint","urlTemplate":"https:\/\/sapere.pl\/?s={search_term_string}"},"query-input":{"@type":"PropertyValueSpecification","valueRequired":true,"valueName":"search_term_string"}}],"inLanguage":"en-GB"},{"@type":"Organization","@id":"https:\/\/sapere.pl\/#organization","name":"SAPERE SP. Z O.O.","url":"https:\/\/sapere.pl\/","logo":{"@type":"ImageObject","inLanguage":"en-GB","@id":"https:\/\/sapere.pl\/#\/schema\/logo\/image\/","url":"https:\/\/sapere.pl\/wp-content\/uploads\/2025\/05\/Sapere-Logo2.jpeg","contentUrl":"https:\/\/sapere.pl\/wp-content\/uploads\/2025\/05\/Sapere-Logo2.jpeg","width":2480,"height":1820,"caption":"SAPERE SP. Z O.O."},"image":{"@id":"https:\/\/sapere.pl\/#\/schema\/logo\/image\/"}}]}},"_links":{"self":[{"href":"https:\/\/sapere.pl\/en\/wp-json\/wp\/v2\/pages\/222","targetHints":{"allow":["GET"]}}],"collection":[{"href":"https:\/\/sapere.pl\/en\/wp-json\/wp\/v2\/pages"}],"about":[{"href":"https:\/\/sapere.pl\/en\/wp-json\/wp\/v2\/types\/page"}],"author":[{"embeddable":true,"href":"https:\/\/sapere.pl\/en\/wp-json\/wp\/v2\/users\/2"}],"replies":[{"embeddable":true,"href":"https:\/\/sapere.pl\/en\/wp-json\/wp\/v2\/comments?post=222"}],"version-history":[{"count":112,"href":"https:\/\/sapere.pl\/en\/wp-json\/wp\/v2\/pages\/222\/revisions"}],"predecessor-version":[{"id":2486,"href":"https:\/\/sapere.pl\/en\/wp-json\/wp\/v2\/pages\/222\/revisions\/2486"}],"wp:attachment":[{"href":"https:\/\/sapere.pl\/en\/wp-json\/wp\/v2\/media?parent=222"}],"curies":[{"name":"wp","href":"https:\/\/api.w.org\/{rel}","templated":true}]}}